{"id":18,"date":"2025-06-19T11:43:16","date_gmt":"2025-06-19T11:43:16","guid":{"rendered":"https:\/\/tecnobio.es\/landing\/?page_id=18"},"modified":"2025-09-05T07:53:23","modified_gmt":"2025-09-05T07:53:23","slug":"limpieza-y-desinfeccion-de-conductos-de-aire","status":"publish","type":"page","link":"https:\/\/tecnobio.es\/limpieza-y-desinfeccion-de-conductos-de-aire\/","title":{"rendered":"LIMPIEZA Y DESINFECCI\u00d3N DE CONDUCTOS DE AIRE"},"content":{"rendered":"\n\n\t<p><a href=\"tel:876711405\">(+34) 876 771 405<\/a> \/\u00a0<a href=\"mailto:info@tecnobio.es\">info@tecnobio.es<\/a><\/p>\n\t\t\t\t<img decoding=\"async\" src=\"https:\/\/tecnobio.es\/limpieza-y-desinfeccion-de-conductos-de-aire\/wp-content\/uploads\/2025\/06\/logo-tecnobio-removebg-preview.png\" alt=\"Limpieza y desinfecci\u00f3n de conductos de aire\" itemprop=\"image\" height=\"134\" width=\"600\" title=\"logo-tecnobio-removebg-preview\" onerror=\"this.style.display='none'\" loading=\"lazy\" \/>\n<h1  data-animation-delay=\"0\" data-animation-duration=\"1\">\n\t\t\tLimpieza y desinfecci\u00f3n de conductos de aire\t<\/h1>\n\t\t\t<a href=\"https:\/\/tecnobio.es\/limpieza-y-desinfeccion-de-conductos-de-aire\/#presupuesto\" target=\"_self\">\n\t\t\t\t\t\t\tPRESUPUESTO SIN COMPROMISO\n\t\t\t<\/a>\n<h2  data-animation-delay=\"0\" data-animation-duration=\"1\">\n\t\t<a href=\"https:\/\/www.instagram.com\/tecnobio_desinfeccion\/\" title=\"CONTACTO\"  target=\"_self\">\n\t\t\tCONTACTO\t\t<\/a>\n\t<\/h2>\n<h2  data-animation-delay=\"0\" data-animation-duration=\"1\">\n\t\t\tPide tu presupuesto\t<\/h2>\n\t\n<div class=\"wpcf7 no-js\" id=\"wpcf7-f354-o1\" lang=\"es-ES\" dir=\"ltr\" data-wpcf7-id=\"354\">\n<div class=\"screen-reader-response\"><p role=\"status\" aria-live=\"polite\" aria-atomic=\"true\"><\/p> <ul><\/ul><\/div>\n<form action=\"\/limpieza-y-desinfeccion-de-conductos-de-aire\/index.php\/wp-json\/wp\/v2\/pages\/18#wpcf7-f354-o1\" method=\"post\" class=\"wpcf7-form init\" aria-label=\"Formulario de contacto\" novalidate=\"novalidate\" data-status=\"init\">\n<fieldset class=\"hidden-fields-container\"><input type=\"hidden\" name=\"_wpcf7\" value=\"354\" \/><input type=\"hidden\" name=\"_wpcf7_version\" value=\"6.1.1\" \/><input type=\"hidden\" name=\"_wpcf7_locale\" value=\"es_ES\" \/><input type=\"hidden\" name=\"_wpcf7_unit_tag\" value=\"wpcf7-f354-o1\" \/><input type=\"hidden\" name=\"_wpcf7_container_post\" value=\"0\" \/><input type=\"hidden\" name=\"_wpcf7_posted_data_hash\" value=\"\" \/>\n<\/fieldset>\n<div class=\"two-column-form\">\n\t<div class=\"form-row\">\n\t\t<div class=\"column-left\">\n\t\t\t<p><label> Nombre y apellidos <span style=\"color:red;\">*<\/span><br \/>\n<span class=\"wpcf7-form-control-wrap\" data-name=\"your-name\"><input size=\"40\" maxlength=\"400\" class=\"wpcf7-form-control wpcf7-text wpcf7-validates-as-required\" autocomplete=\"name\" aria-required=\"true\" aria-invalid=\"false\" value=\"\" type=\"text\" name=\"your-name\" \/><\/span><br \/>\n<\/label>\n\t\t\t<\/p>\n\t\t<\/div>\n\t\t<div class=\"column-right\">\n\t\t\t<p><label> Email <span style=\"color:red;\">*<\/span><br \/>\n<span class=\"wpcf7-form-control-wrap\" data-name=\"your-email\"><input size=\"40\" maxlength=\"400\" class=\"wpcf7-form-control wpcf7-email wpcf7-validates-as-required wpcf7-text wpcf7-validates-as-email\" autocomplete=\"email\" aria-required=\"true\" aria-invalid=\"false\" value=\"\" type=\"email\" name=\"your-email\" \/><\/span><br \/>\n<\/label>\n\t\t\t<\/p>\n\t\t<\/div>\n\t<\/div>\n\t<div class=\"form-row\">\n\t\t<div class=\"column-left\">\n\t\t\t<p><label> Tel\u00e9fono <span style=\"color:red;\">*<\/span><br \/>\n<span class=\"wpcf7-form-control-wrap\" data-name=\"tel-591\"><input size=\"40\" maxlength=\"12\" minlength=\"9\" class=\"wpcf7-form-control wpcf7-tel wpcf7-validates-as-required wpcf7-text wpcf7-validates-as-tel\" aria-required=\"true\" aria-invalid=\"false\" value=\"\" type=\"tel\" name=\"tel-591\" \/><\/span><br \/>\n<\/label>\n\t\t\t<\/p>\n\t\t<\/div>\n\t\t<div class=\"column-right\">\n\t\t\t<p><label> Empresa<br \/>\n<span class=\"wpcf7-form-control-wrap\" data-name=\"text-553\"><input size=\"40\" maxlength=\"400\" class=\"wpcf7-form-control wpcf7-text\" aria-invalid=\"false\" value=\"\" type=\"text\" name=\"text-553\" \/><\/span><br \/>\n<\/label>\n\t\t\t<\/p>\n\t\t<\/div>\n\t<\/div>\n\t<div class=\"form-row\">\n\t\t<div class=\"column-left\">\n\t\t\t<p><label> Poblaci\u00f3n <span style=\"color:red;\">*<\/span><br \/>\n<span class=\"wpcf7-form-control-wrap\" data-name=\"text-683\"><input size=\"40\" maxlength=\"400\" class=\"wpcf7-form-control wpcf7-text wpcf7-validates-as-required\" aria-required=\"true\" aria-invalid=\"false\" value=\"\" type=\"text\" name=\"text-683\" \/><\/span><br \/>\n<\/label>\n\t\t\t<\/p>\n\t\t<\/div>\n\t\t<div class=\"column-right\">\n\t\t\t<p><label> Provincia <span style=\"color:red;\">*<\/span><br \/>\n<span class=\"wpcf7-form-control-wrap\" data-name=\"select-321\"><select class=\"wpcf7-form-control wpcf7-select wpcf7-validates-as-required\" aria-required=\"true\" aria-invalid=\"false\" name=\"select-321\"><option value=\"\">Selecciona una provincia<\/option><option value=\"\u00c1lava\">\u00c1lava<\/option><option value=\"Albacete\">Albacete<\/option><option value=\"Alicante\">Alicante<\/option><option value=\"Almer\u00eda\">Almer\u00eda<\/option><option value=\"Asturias\">Asturias<\/option><option value=\"\u00c1vila\">\u00c1vila<\/option><option value=\"Badajoz\">Badajoz<\/option><option value=\"Barcelona\">Barcelona<\/option><option value=\"Burgos\">Burgos<\/option><option value=\"C\u00e1ceres\">C\u00e1ceres<\/option><option value=\"C\u00e1diz\">C\u00e1diz<\/option><option value=\"Cantabria\">Cantabria<\/option><option value=\"Castell\u00f3n\">Castell\u00f3n<\/option><option value=\"Ciudad Real\">Ciudad Real<\/option><option value=\"C\u00f3rdoba\">C\u00f3rdoba<\/option><option value=\"A Coru\u00f1a\">A Coru\u00f1a<\/option><option value=\"Cuenca\">Cuenca<\/option><option value=\"Girona\">Girona<\/option><option value=\"Granada\">Granada<\/option><option value=\"Guadalajara\">Guadalajara<\/option><option value=\"Guip\u00fazcoa\">Guip\u00fazcoa<\/option><option value=\"Huelva\">Huelva<\/option><option value=\"Huesca\">Huesca<\/option><option value=\"Illes Balears\">Illes Balears<\/option><option value=\"Ja\u00e9n\">Ja\u00e9n<\/option><option value=\"La Rioja\">La Rioja<\/option><option value=\"Las Palmas\">Las Palmas<\/option><option value=\"Le\u00f3n\">Le\u00f3n<\/option><option value=\"Lleida\">Lleida<\/option><option value=\"Lugo\">Lugo<\/option><option value=\"Madrid\">Madrid<\/option><option value=\"M\u00e1laga\">M\u00e1laga<\/option><option value=\"Murcia\">Murcia<\/option><option value=\"Navarra\">Navarra<\/option><option value=\"Ourense\">Ourense<\/option><option value=\"Palencia\">Palencia<\/option><option value=\"Pontevedra\">Pontevedra<\/option><option value=\"Salamanca\">Salamanca<\/option><option value=\"Santa Cruz de Tenerife\">Santa Cruz de Tenerife<\/option><option value=\"Segovia\">Segovia<\/option><option value=\"Sevilla\">Sevilla<\/option><option value=\"Soria\">Soria<\/option><option value=\"Tarragona\">Tarragona<\/option><option value=\"Teruel\">Teruel<\/option><option value=\"Toledo\">Toledo<\/option><option value=\"Valencia\">Valencia<\/option><option value=\"Valladolid\">Valladolid<\/option><option value=\"Vizcaya\">Vizcaya<\/option><option value=\"Zamora\">Zamora<\/option><option value=\"Zaragoza\">Zaragoza<\/option><option value=\"Ceuta\">Ceuta<\/option><option value=\"Melilla\">Melilla<\/option><\/select><\/span><br \/>\n<\/label>\n\t\t\t<\/p>\n\t\t<\/div>\n\t<\/div>\n\t<div class=\"form-row full-width\">\n\t\t<p><label> Tu mensaje<br \/>\n<span class=\"wpcf7-form-control-wrap\" data-name=\"your-message\"><textarea cols=\"40\" rows=\"10\" maxlength=\"2000\" class=\"wpcf7-form-control wpcf7-textarea\" aria-invalid=\"false\" name=\"your-message\"><\/textarea><\/span><br \/>\n<\/label>\n\t\t<\/p>\n\t<\/div>\n\t<p><span class=\"wpcf7-form-control-wrap\" data-name=\"acceptance-820\"><span class=\"wpcf7-form-control wpcf7-acceptance optional\"><span class=\"wpcf7-list-item\"><input type=\"checkbox\" name=\"acceptance-820\" value=\"1\" aria-invalid=\"false\" \/><\/span><\/span><\/span> Acepto la <a href=\"https:\/\/www.tecnobio.es\/politicadeprivacidad\/\">pol\u00edtica de protecci\u00f3n de datos<\/a>.\n\t<\/p>\n\t<div class=\"form-row full-width\">\n\t\t<p><input class=\"wpcf7-form-control wpcf7-submit has-spinner\" type=\"submit\" value=\"Enviar\" \/>\n\t\t<\/p>\n\t<\/div>\n<\/div><div class=\"wpcf7-response-output\" aria-hidden=\"true\"><\/div>\n<\/form>\n<\/div>\n\n<h2>\n\t\t\tLIMPIEZA PROFESIONAL\t<\/h2>\n<h3>\n\t\t\tResultados comprobados\t<\/h3>\n\t<p>En nuestra empresa de limpieza y desinfecci\u00f3n de conductos de aire, no solo prometemos resultados; los demostramos. Garantizamos la calidad y eficacia de nuestro servicio.<\/p>\n\t\t\t\t\t\t\t\t\t\t\t\t<img decoding=\"async\" src=\"https:\/\/tecnobio.es\/limpieza-y-desinfeccion-de-conductos-de-aire\/wp-content\/uploads\/2025\/06\/Diseno-sin-titulo-6.png\" alt=\"Antes\"\/>\n\t\t\t\t\t\t\t\t\t\t\t\t<img decoding=\"async\" src=\"https:\/\/tecnobio.es\/limpieza-y-desinfeccion-de-conductos-de-aire\/wp-content\/uploads\/2025\/06\/Diseno-sin-titulo-8.png\" alt=\"Despu\u00e9s\"\/>\n\t\t\t\t\t\t\t\t\t\t\t\t<img decoding=\"async\" src=\"https:\/\/tecnobio.es\/limpieza-y-desinfeccion-de-conductos-de-aire\/wp-content\/uploads\/2025\/06\/WWW-TECNOBIO-ES-06-19-2025_04_57_PM.png\" alt=\"Antes\"\/>\n\t\t\t\t\t\t\t\t\t\t\t\t<img decoding=\"async\" src=\"https:\/\/tecnobio.es\/limpieza-y-desinfeccion-de-conductos-de-aire\/wp-content\/uploads\/2025\/06\/Diseno-sin-titulo-5.png\" alt=\"Despu\u00e9s\"\/>\n\t\t\t\t\t\t\t\t\t\t\t\t<img decoding=\"async\" src=\"https:\/\/tecnobio.es\/limpieza-y-desinfeccion-de-conductos-de-aire\/wp-content\/uploads\/2025\/06\/Diseno-sin-titulo-9.png\" alt=\"Antes\"\/>\n\t\t\t\t\t\t\t\t\t\t\t\t<img decoding=\"async\" src=\"https:\/\/tecnobio.es\/limpieza-y-desinfeccion-de-conductos-de-aire\/wp-content\/uploads\/2025\/06\/Diseno-sin-titulo-10.png\" alt=\"Despu\u00e9s\"\/>\n\t\t\t<a href=\"https:\/\/tecnobio.es\/limpieza-y-desinfeccion-de-conductos-de-aire\/#presupuesto\" target=\"_self\">\n\t\t\t\t\t\t\tPIDE TU PRESUPUESTO\n\t\t\t<\/a>\n\t\t\t\t<img decoding=\"async\" src=\"https:\/\/tecnobio.es\/limpieza-y-desinfeccion-de-conductos-de-aire\/wp-content\/plugins\/bb-plugin\/img\/pixel.png\" alt=\"\" itemprop=\"image\" onerror=\"this.style.display='none'\" loading=\"lazy\" \/>\n<h3>\n\t\t\tELIMINAMOS\t<\/h3>\n<h3>\n\t\t\t\u00c1caros &#8211; Bacterias &#8211; Hongos &#8211; Mohos &#8211; Polvo -Suciedad &#8211; Virus\t<\/h3>\n<h2  data-animation-delay=\"0\" data-animation-duration=\"1\">\n\t\t\tResolvemos tus dudas\t<\/h2>\n\t\t\t\t\t\t\t\t\t\t<h3 tabindex=\"0\">\u00bfQu\u00e9 beneficios tiene limpiar y desinfectar los conductos?<\/h3>\n\t\t\t\t\t<p>Elimina \u00e1caros, polvo, bacterias, moho y otros contaminantes, mejorando la calidad del aire interior y previniendo alergias, malos olores y problemas respiratorios. Tambi\u00e9n beneficia en el rendimiento del equipo y ahorro energ\u00e9tico.<\/p>\n\t\t\t\t\t\t\t\t\t\t<h3 tabindex=\"0\">\u00bfC\u00f3mo se realiza el proceso de limpieza y desinfecci\u00f3n?<\/h3>\n\t\t\t\t\t<p>Utilizamos equipos profesionales para aspirado, cepillado y desinfecci\u00f3n con tecnolog\u00eda segura y efectiva, como nebulizaci\u00f3n o pulverizaci\u00f3n electrost\u00e1tica, sin da\u00f1ar el sistema.<\/p>\n\t\t\t\t\t\t\t\t\t\t<h3 tabindex=\"0\">\u00bfCu\u00e1nto tarda el servicio y tengo que estar en casa?<\/h3>\n\t\t\t\t\t<p>La duraci\u00f3n depende de varios factores, cantidad de ml, suciedad depositada, pero suele completarse en unas 2-3 horas. No es necesario que est\u00e9s presente, aunque recomendamos estar al inicio y al final para revisi\u00f3n. Una vez finalizado le prepararemos un certificado oficial y un informe del estado de los conductos del antes y despu\u00e9s con un reportaje fotogr\u00e1fico y pueda valorar nuestro trabajo y entrega del informe.<\/p>\n\t\t\t\t\t\t\t\t\t\t<h3 tabindex=\"0\">\u00bfCu\u00e1nto cuesta el servicio de limpieza de conductos?<\/h3>\n\t\t\t\t\tEl precio depende de varios factores y la complejidad del sistema. Ofrecemos presupuestos personalizados sin compromiso. \u00a1Cont\u00e1ctanos para obtener el tuyo!\n\t\t\t\t\t\t\t\t\t\t<h3 tabindex=\"0\">\u00bfQu\u00e9 diferencia hay entre una limpieza y una desinfecci\u00f3n?<\/h3>\n\t\t\t\t\tLa limpieza elimina suciedad, polvo y residuos visibles. La desinfecci\u00f3n, en cambio, elimina virus, bacterias, hongos y \u00e1caros, utilizando productos biocidas autorizados que garantizan un aire m\u00e1s saludable.\n\t\t\t\t\t\t\t\t\t\t<h3 tabindex=\"0\">\u00bfQu\u00e9 garant\u00eda ofrec\u00e9is tras la limpieza y desinfecci\u00f3n?<\/h3>\n\t\t\t\t\tEntregamos informe t\u00e9cnico con fotos antes y despu\u00e9s, productos utilizados y m\u00e9todos aplicados. Nuestra desinfecci\u00f3n es 100\u202f% efectiva y est\u00e1 avalada por tecnolog\u00eda profesional y normativa vigente.\n\t\t\t\t<img decoding=\"async\" src=\"https:\/\/tecnobio.es\/limpieza-y-desinfeccion-de-conductos-de-aire\/wp-content\/uploads\/2025\/06\/media-1.jpg\" alt=\"media (1)\" itemprop=\"image\" height=\"430\" width=\"415\" title=\"media (1)\" onerror=\"this.style.display='none'\" loading=\"lazy\" \/>\n\t\t\t\t<img decoding=\"async\" src=\"https:\/\/tecnobio.es\/limpieza-y-desinfeccion-de-conductos-de-aire\/wp-content\/uploads\/2025\/06\/media-2.jpg\" alt=\"media (2)\" itemprop=\"image\" height=\"945\" width=\"1056\" title=\"media (2)\" onerror=\"this.style.display='none'\" loading=\"lazy\" \/>\n\t\t\t\t<img decoding=\"async\" src=\"https:\/\/tecnobio.es\/limpieza-y-desinfeccion-de-conductos-de-aire\/wp-content\/uploads\/2025\/06\/media-1-1.png\" alt=\"media (1)\" itemprop=\"image\" height=\"698\" width=\"1192\" title=\"media (1)\" onerror=\"this.style.display='none'\" loading=\"lazy\" \/>\n\t\t\t\t<img decoding=\"async\" src=\"https:\/\/tecnobio.es\/limpieza-y-desinfeccion-de-conductos-de-aire\/wp-content\/uploads\/2025\/06\/media-2.png\" alt=\"media (2)\" itemprop=\"image\" height=\"494\" width=\"348\" title=\"media (2)\" onerror=\"this.style.display='none'\" loading=\"lazy\" \/>\n\n","protected":false},"excerpt":{"rendered":"<p>(+34) 876 771 405 \/\u00a0info@tecnobio.es Limpieza y desinfecci\u00f3n de conductos de aire PRESUPUESTO SIN COMPROMISO CONTACTO Pide tu presupuesto LIMPIEZA PROFESIONAL Resultados comprobados En nuestra empresa de limpieza y desinfecci\u00f3n de conductos de aire, no solo prometemos resultados; los demostramos. Garantizamos la calidad y eficacia de nuestro servicio. PIDE TU PRESUPUESTO ELIMINAMOS \u00c1caros &#8211; Bacterias&hellip;<\/p>\n","protected":false},"author":1,"featured_media":55,"parent":0,"menu_order":0,"comment_status":"closed","ping_status":"closed","template":"","meta":{"footnotes":""},"class_list":["post-18","page","type-page","status-publish","has-post-thumbnail","hentry"],"yoast_head":"<!-- This site is optimized with the Yoast SEO plugin v25.7 - https:\/\/yoast.com\/wordpress\/plugins\/seo\/ -->\n<title>Limpieza y desinfecci\u00f3n de conductos de aire | Tecnobio Zaragoza<\/title>\n<meta name=\"description\" content=\"Limpieza y desinfecci\u00f3n de conductos de aire para empresas y particulares en Espa\u00f1a. Pide tu presupuesto sin compromiso.\" \/>\n<meta name=\"robots\" content=\"index, follow, max-snippet:-1, max-image-preview:large, max-video-preview:-1\" \/>\n<link rel=\"canonical\" href=\"https:\/\/tecnobio.es\/limpieza-y-desinfeccion-de-conductos-de-aire\/\" \/>\n<meta property=\"og:locale\" content=\"es_ES\" \/>\n<meta property=\"og:type\" content=\"article\" \/>\n<meta property=\"og:title\" content=\"Limpieza y desinfecci\u00f3n de conductos de aire | Tecnobio Zaragoza\" \/>\n<meta property=\"og:description\" content=\"Limpieza y desinfecci\u00f3n de conductos de aire para empresas y particulares en Espa\u00f1a. Pide tu presupuesto sin compromiso.\" \/>\n<meta property=\"og:url\" content=\"https:\/\/tecnobio.es\/limpieza-y-desinfeccion-de-conductos-de-aire\/\" \/>\n<meta property=\"og:site_name\" content=\"Tecnobio Landing\" \/>\n<meta property=\"article:modified_time\" content=\"2025-09-05T07:53:23+00:00\" \/>\n<meta property=\"og:image\" content=\"https:\/\/tecnobio.es\/limpieza-y-desinfeccion-de-conductos-de-aire\/wp-content\/uploads\/2025\/06\/LIMPIEZA-DE-CONDUCTOS-DE-AIRE-24-1024x683.png\" \/>\n\t<meta property=\"og:image:width\" content=\"1024\" \/>\n\t<meta property=\"og:image:height\" content=\"683\" \/>\n\t<meta property=\"og:image:type\" content=\"image\/png\" \/>\n<meta name=\"twitter:card\" content=\"summary_large_image\" \/>\n<meta name=\"twitter:label1\" content=\"Tiempo de lectura\" \/>\n\t<meta name=\"twitter:data1\" content=\"5 minutos\" \/>\n<script type=\"application\/ld+json\" class=\"yoast-schema-graph\">{\"@context\":\"https:\/\/schema.org\",\"@graph\":[{\"@type\":\"WebPage\",\"@id\":\"https:\/\/tecnobio.es\/limpieza-y-desinfeccion-de-conductos-de-aire\/\",\"url\":\"https:\/\/tecnobio.es\/limpieza-y-desinfeccion-de-conductos-de-aire\/\",\"name\":\"Limpieza y desinfecci\u00f3n de conductos de aire | Tecnobio Zaragoza\",\"isPartOf\":{\"@id\":\"https:\/\/tecnobio.es\/limpieza-y-desinfeccion-de-conductos-de-aire\/#website\"},\"primaryImageOfPage\":{\"@id\":\"https:\/\/tecnobio.es\/limpieza-y-desinfeccion-de-conductos-de-aire\/#primaryimage\"},\"image\":{\"@id\":\"https:\/\/tecnobio.es\/limpieza-y-desinfeccion-de-conductos-de-aire\/#primaryimage\"},\"thumbnailUrl\":\"https:\/\/tecnobio.es\/limpieza-y-desinfeccion-de-conductos-de-aire\/wp-content\/uploads\/2025\/06\/LIMPIEZA-DE-CONDUCTOS-DE-AIRE-24.png\",\"datePublished\":\"2025-06-19T11:43:16+00:00\",\"dateModified\":\"2025-09-05T07:53:23+00:00\",\"description\":\"Limpieza y desinfecci\u00f3n de conductos de aire para empresas y particulares en Espa\u00f1a. Pide tu presupuesto sin compromiso.\",\"breadcrumb\":{\"@id\":\"https:\/\/tecnobio.es\/limpieza-y-desinfeccion-de-conductos-de-aire\/#breadcrumb\"},\"inLanguage\":\"es\",\"potentialAction\":[{\"@type\":\"ReadAction\",\"target\":[\"https:\/\/tecnobio.es\/limpieza-y-desinfeccion-de-conductos-de-aire\/\"]}]},{\"@type\":\"ImageObject\",\"inLanguage\":\"es\",\"@id\":\"https:\/\/tecnobio.es\/limpieza-y-desinfeccion-de-conductos-de-aire\/#primaryimage\",\"url\":\"https:\/\/tecnobio.es\/limpieza-y-desinfeccion-de-conductos-de-aire\/wp-content\/uploads\/2025\/06\/LIMPIEZA-DE-CONDUCTOS-DE-AIRE-24.png\",\"contentUrl\":\"https:\/\/tecnobio.es\/limpieza-y-desinfeccion-de-conductos-de-aire\/wp-content\/uploads\/2025\/06\/LIMPIEZA-DE-CONDUCTOS-DE-AIRE-24.png\",\"width\":1536,\"height\":1024,\"caption\":\"Limpieza y desinfecci\u00f3n de conductos de aire\"},{\"@type\":\"BreadcrumbList\",\"@id\":\"https:\/\/tecnobio.es\/limpieza-y-desinfeccion-de-conductos-de-aire\/#breadcrumb\",\"itemListElement\":[{\"@type\":\"ListItem\",\"position\":1,\"name\":\"Portada\",\"item\":\"https:\/\/tecnobio.es\/limpieza-y-desinfeccion-de-conductos-de-aire\/\"},{\"@type\":\"ListItem\",\"position\":2,\"name\":\"LIMPIEZA Y DESINFECCI\u00d3N DE CONDUCTOS DE AIRE\"}]},{\"@type\":\"WebSite\",\"@id\":\"https:\/\/tecnobio.es\/limpieza-y-desinfeccion-de-conductos-de-aire\/#website\",\"url\":\"https:\/\/tecnobio.es\/limpieza-y-desinfeccion-de-conductos-de-aire\/\",\"name\":\"Tecnobio Landing\",\"description\":\"\",\"publisher\":{\"@id\":\"https:\/\/tecnobio.es\/limpieza-y-desinfeccion-de-conductos-de-aire\/#organization\"},\"potentialAction\":[{\"@type\":\"SearchAction\",\"target\":{\"@type\":\"EntryPoint\",\"urlTemplate\":\"https:\/\/tecnobio.es\/limpieza-y-desinfeccion-de-conductos-de-aire\/?s={search_term_string}\"},\"query-input\":{\"@type\":\"PropertyValueSpecification\",\"valueRequired\":true,\"valueName\":\"search_term_string\"}}],\"inLanguage\":\"es\"},{\"@type\":\"Organization\",\"@id\":\"https:\/\/tecnobio.es\/limpieza-y-desinfeccion-de-conductos-de-aire\/#organization\",\"name\":\"Tecnobio Landing\",\"url\":\"https:\/\/tecnobio.es\/limpieza-y-desinfeccion-de-conductos-de-aire\/\",\"logo\":{\"@type\":\"ImageObject\",\"inLanguage\":\"es\",\"@id\":\"https:\/\/tecnobio.es\/limpieza-y-desinfeccion-de-conductos-de-aire\/#\/schema\/logo\/image\/\",\"url\":\"https:\/\/tecnobio.es\/limpieza-y-desinfeccion-de-conductos-de-aire\/wp-content\/uploads\/2025\/06\/LOGO-TECNOBIO-copia-3.jpg\",\"contentUrl\":\"https:\/\/tecnobio.es\/limpieza-y-desinfeccion-de-conductos-de-aire\/wp-content\/uploads\/2025\/06\/LOGO-TECNOBIO-copia-3.jpg\",\"width\":2004,\"height\":480,\"caption\":\"Tecnobio Landing\"},\"image\":{\"@id\":\"https:\/\/tecnobio.es\/limpieza-y-desinfeccion-de-conductos-de-aire\/#\/schema\/logo\/image\/\"}}]}<\/script>\n<!-- \/ Yoast SEO plugin. -->","yoast_head_json":{"title":"Limpieza y desinfecci\u00f3n de conductos de aire | Tecnobio Zaragoza","description":"Limpieza y desinfecci\u00f3n de conductos de aire para empresas y particulares en Espa\u00f1a. Pide tu presupuesto sin compromiso.","robots":{"index":"index","follow":"follow","max-snippet":"max-snippet:-1","max-image-preview":"max-image-preview:large","max-video-preview":"max-video-preview:-1"},"canonical":"https:\/\/tecnobio.es\/limpieza-y-desinfeccion-de-conductos-de-aire\/","og_locale":"es_ES","og_type":"article","og_title":"Limpieza y desinfecci\u00f3n de conductos de aire | Tecnobio Zaragoza","og_description":"Limpieza y desinfecci\u00f3n de conductos de aire para empresas y particulares en Espa\u00f1a. Pide tu presupuesto sin compromiso.","og_url":"https:\/\/tecnobio.es\/limpieza-y-desinfeccion-de-conductos-de-aire\/","og_site_name":"Tecnobio Landing","article_modified_time":"2025-09-05T07:53:23+00:00","og_image":[{"width":1024,"height":683,"url":"https:\/\/tecnobio.es\/limpieza-y-desinfeccion-de-conductos-de-aire\/wp-content\/uploads\/2025\/06\/LIMPIEZA-DE-CONDUCTOS-DE-AIRE-24-1024x683.png","type":"image\/png"}],"twitter_card":"summary_large_image","twitter_misc":{"Tiempo de lectura":"5 minutos"},"schema":{"@context":"https:\/\/schema.org","@graph":[{"@type":"WebPage","@id":"https:\/\/tecnobio.es\/limpieza-y-desinfeccion-de-conductos-de-aire\/","url":"https:\/\/tecnobio.es\/limpieza-y-desinfeccion-de-conductos-de-aire\/","name":"Limpieza y desinfecci\u00f3n de conductos de aire | Tecnobio Zaragoza","isPartOf":{"@id":"https:\/\/tecnobio.es\/limpieza-y-desinfeccion-de-conductos-de-aire\/#website"},"primaryImageOfPage":{"@id":"https:\/\/tecnobio.es\/limpieza-y-desinfeccion-de-conductos-de-aire\/#primaryimage"},"image":{"@id":"https:\/\/tecnobio.es\/limpieza-y-desinfeccion-de-conductos-de-aire\/#primaryimage"},"thumbnailUrl":"https:\/\/tecnobio.es\/limpieza-y-desinfeccion-de-conductos-de-aire\/wp-content\/uploads\/2025\/06\/LIMPIEZA-DE-CONDUCTOS-DE-AIRE-24.png","datePublished":"2025-06-19T11:43:16+00:00","dateModified":"2025-09-05T07:53:23+00:00","description":"Limpieza y desinfecci\u00f3n de conductos de aire para empresas y particulares en Espa\u00f1a. Pide tu presupuesto sin compromiso.","breadcrumb":{"@id":"https:\/\/tecnobio.es\/limpieza-y-desinfeccion-de-conductos-de-aire\/#breadcrumb"},"inLanguage":"es","potentialAction":[{"@type":"ReadAction","target":["https:\/\/tecnobio.es\/limpieza-y-desinfeccion-de-conductos-de-aire\/"]}]},{"@type":"ImageObject","inLanguage":"es","@id":"https:\/\/tecnobio.es\/limpieza-y-desinfeccion-de-conductos-de-aire\/#primaryimage","url":"https:\/\/tecnobio.es\/limpieza-y-desinfeccion-de-conductos-de-aire\/wp-content\/uploads\/2025\/06\/LIMPIEZA-DE-CONDUCTOS-DE-AIRE-24.png","contentUrl":"https:\/\/tecnobio.es\/limpieza-y-desinfeccion-de-conductos-de-aire\/wp-content\/uploads\/2025\/06\/LIMPIEZA-DE-CONDUCTOS-DE-AIRE-24.png","width":1536,"height":1024,"caption":"Limpieza y desinfecci\u00f3n de conductos de aire"},{"@type":"BreadcrumbList","@id":"https:\/\/tecnobio.es\/limpieza-y-desinfeccion-de-conductos-de-aire\/#breadcrumb","itemListElement":[{"@type":"ListItem","position":1,"name":"Portada","item":"https:\/\/tecnobio.es\/limpieza-y-desinfeccion-de-conductos-de-aire\/"},{"@type":"ListItem","position":2,"name":"LIMPIEZA Y DESINFECCI\u00d3N DE CONDUCTOS DE AIRE"}]},{"@type":"WebSite","@id":"https:\/\/tecnobio.es\/limpieza-y-desinfeccion-de-conductos-de-aire\/#website","url":"https:\/\/tecnobio.es\/limpieza-y-desinfeccion-de-conductos-de-aire\/","name":"Tecnobio Landing","description":"","publisher":{"@id":"https:\/\/tecnobio.es\/limpieza-y-desinfeccion-de-conductos-de-aire\/#organization"},"potentialAction":[{"@type":"SearchAction","target":{"@type":"EntryPoint","urlTemplate":"https:\/\/tecnobio.es\/limpieza-y-desinfeccion-de-conductos-de-aire\/?s={search_term_string}"},"query-input":{"@type":"PropertyValueSpecification","valueRequired":true,"valueName":"search_term_string"}}],"inLanguage":"es"},{"@type":"Organization","@id":"https:\/\/tecnobio.es\/limpieza-y-desinfeccion-de-conductos-de-aire\/#organization","name":"Tecnobio Landing","url":"https:\/\/tecnobio.es\/limpieza-y-desinfeccion-de-conductos-de-aire\/","logo":{"@type":"ImageObject","inLanguage":"es","@id":"https:\/\/tecnobio.es\/limpieza-y-desinfeccion-de-conductos-de-aire\/#\/schema\/logo\/image\/","url":"https:\/\/tecnobio.es\/limpieza-y-desinfeccion-de-conductos-de-aire\/wp-content\/uploads\/2025\/06\/LOGO-TECNOBIO-copia-3.jpg","contentUrl":"https:\/\/tecnobio.es\/limpieza-y-desinfeccion-de-conductos-de-aire\/wp-content\/uploads\/2025\/06\/LOGO-TECNOBIO-copia-3.jpg","width":2004,"height":480,"caption":"Tecnobio Landing"},"image":{"@id":"https:\/\/tecnobio.es\/limpieza-y-desinfeccion-de-conductos-de-aire\/#\/schema\/logo\/image\/"}}]}},"_links":{"self":[{"href":"https:\/\/tecnobio.es\/limpieza-y-desinfeccion-de-conductos-de-aire\/index.php\/wp-json\/wp\/v2\/pages\/18","targetHints":{"allow":["GET"]}}],"collection":[{"href":"https:\/\/tecnobio.es\/limpieza-y-desinfeccion-de-conductos-de-aire\/index.php\/wp-json\/wp\/v2\/pages"}],"about":[{"href":"https:\/\/tecnobio.es\/limpieza-y-desinfeccion-de-conductos-de-aire\/index.php\/wp-json\/wp\/v2\/types\/page"}],"author":[{"embeddable":true,"href":"https:\/\/tecnobio.es\/limpieza-y-desinfeccion-de-conductos-de-aire\/index.php\/wp-json\/wp\/v2\/users\/1"}],"replies":[{"embeddable":true,"href":"https:\/\/tecnobio.es\/limpieza-y-desinfeccion-de-conductos-de-aire\/index.php\/wp-json\/wp\/v2\/comments?post=18"}],"version-history":[{"count":59,"href":"https:\/\/tecnobio.es\/limpieza-y-desinfeccion-de-conductos-de-aire\/index.php\/wp-json\/wp\/v2\/pages\/18\/revisions"}],"predecessor-version":[{"id":403,"href":"https:\/\/tecnobio.es\/limpieza-y-desinfeccion-de-conductos-de-aire\/index.php\/wp-json\/wp\/v2\/pages\/18\/revisions\/403"}],"wp:featuredmedia":[{"embeddable":true,"href":"https:\/\/tecnobio.es\/limpieza-y-desinfeccion-de-conductos-de-aire\/index.php\/wp-json\/wp\/v2\/media\/55"}],"wp:attachment":[{"href":"https:\/\/tecnobio.es\/limpieza-y-desinfeccion-de-conductos-de-aire\/index.php\/wp-json\/wp\/v2\/media?parent=18"}],"curies":[{"name":"wp","href":"https:\/\/api.w.org\/{rel}","templated":true}]}}